{"id":9102,"date":"2025-04-11T10:15:52","date_gmt":"2025-04-11T10:15:52","guid":{"rendered":"https:\/\/just2swing.com\/?page_id=9102"},"modified":"2025-11-27T15:12:17","modified_gmt":"2025-11-27T14:12:17","slug":"show-nice-monaco-cannes-saint-tropez-cote-dazur","status":"publish","type":"page","link":"https:\/\/just2swing.com\/en\/show-nice-monaco-cannes-saint-tropez-cote-dazur\/","title":{"rendered":"Show Nice Monaco Cannes Saint-Tropez C\u00f4te d&rsquo;Azur"},"content":{"rendered":"<div data-elementor-type=\"wp-page\" data-elementor-id=\"9102\" class=\"elementor elementor-9102\">\n\t\t\t\t<div class=\"elementor-element elementor-element-30cacb8 e-flex e-con-boxed e-con e-parent\" data-id=\"30cacb8\" data-element_type=\"container\" data-e-type=\"container\">\n\t\t\t\t\t<div class=\"e-con-inner\">\n\t\t\t\t<div class=\"elementor-element elementor-element-3b7f797 elementor-drop-cap-yes elementor-drop-cap-view-default elementor-widget elementor-widget-text-editor\" data-id=\"3b7f797\" data-element_type=\"widget\" data-e-type=\"widget\" data-settings=\"{&quot;drop_cap&quot;:&quot;yes&quot;}\" data-widget_type=\"text-editor.default\">\n\t\t\t\t<div class=\"elementor-widget-container\">\n\t\t\t\t\t\t\t\t\t<h2><strong><span class=\"big-text\">The Just2Swing Pop Show Nice Monaco Cannes Saint-Tropez C\u00f4te d&rsquo;Azur<\/span><\/strong><\/h2><p class=\"translation-block\">Renowned the world over for its explosive shows, The Just2Swing Pop Show offers a sensational and exciting musical experience<\/p><p class=\"translation-block\">For years, The Just2Swing Pop Show has been bringing international <b>Top40 pop hits<\/b> to halls and theaters on land and sea in a unique formula.<\/p><p><span style=\"color: #000000;\"><span style=\"font-size: medium;\">Tout au long de son concert <\/span><\/span>in\u00a0<strong>Nice<\/strong>,<strong> Monaco<\/strong>,<strong> Cannes<\/strong>,<strong> Saint-Tropez<\/strong>\u00a0and the <strong>French Riviera<\/strong>\u00a0(<strong>Alpes-Maritimes<\/strong> (06), <strong>Var<\/strong> (83), <strong>Bouches-du-Rh\u00f4ne<\/strong> (13))<span style=\"color: #000000;\"><span style=\"font-size: medium;\">, <em>The Just2Swing Pop Show<\/em> saura embraser le public pour une <strong>soir\u00e9e exceptionnelle et inoubliable<\/strong>.<\/span><\/span><\/p>\t\t\t\t\t\t\t\t<\/div>\n\t\t\t\t<\/div>\n\t\t\t\t\t<\/div>\n\t\t\t\t<\/div>\n\t\t<div class=\"elementor-element elementor-element-4054920 e-flex e-con-boxed e-con e-parent\" data-id=\"4054920\" data-element_type=\"container\" data-e-type=\"container\">\n\t\t\t\t\t<div class=\"e-con-inner\">\n\t\t\t\t<div class=\"elementor-element elementor-element-45525ef elementor-widget elementor-widget-video\" data-id=\"45525ef\" data-element_type=\"widget\" data-e-type=\"widget\" data-settings=\"{&quot;youtube_url&quot;:&quot;https:\\\/\\\/www.youtube.com\\\/watch?v=uUKbH3th-mw&quot;,&quot;video_type&quot;:&quot;youtube&quot;}\" data-widget_type=\"video.default\">\n\t\t\t\t<div class=\"elementor-widget-container\">\n\t\t\t\t\t\t\t<div class=\"elementor-wrapper elementor-open-inline\">\n\t\t\t<div class=\"elementor-video\"><\/div>\t\t<\/div>\n\t\t\t\t\t\t<\/div>\n\t\t\t\t<\/div>\n\t\t\t\t\t<\/div>\n\t\t\t\t<\/div>\n\t\t<div class=\"elementor-element elementor-element-7a90e04 e-flex e-con-boxed e-con e-parent\" data-id=\"7a90e04\" data-element_type=\"container\" data-e-type=\"container\">\n\t\t\t\t\t<div class=\"e-con-inner\">\n\t\t<div class=\"elementor-element elementor-element-0f6c56d e-con-full e-flex e-con e-child\" data-id=\"0f6c56d\" data-element_type=\"container\" data-e-type=\"container\">\n\t\t\t\t<div class=\"elementor-element elementor-element-faf2cb1 elementor-widget elementor-widget-counter\" data-id=\"faf2cb1\" data-element_type=\"widget\" data-e-type=\"widget\" data-widget_type=\"counter.default\">\n\t\t\t\t<div class=\"elementor-widget-container\">\n\t\t\t\t\t\t\t<div class=\"elementor-counter\">\n\t\t\t<div class=\"elementor-counter-title\">musical performances<\/div>\t\t\t<div class=\"elementor-counter-number-wrapper\">\n\t\t\t\t<span class=\"elementor-counter-number-prefix\">+<\/span>\n\t\t\t\t<span class=\"elementor-counter-number\" data-duration=\"2500\" data-to-value=\"600\" data-from-value=\"0\" data-delimiter=\",\">0<\/span>\n\t\t\t\t<span class=\"elementor-counter-number-suffix\"><\/span>\n\t\t\t<\/div>\n\t\t<\/div>\n\t\t\t\t\t\t<\/div>\n\t\t\t\t<\/div>\n\t\t\t\t<\/div>\n\t\t<div class=\"elementor-element elementor-element-1c9fb7d e-con-full e-flex e-con e-child\" data-id=\"1c9fb7d\" data-element_type=\"container\" data-e-type=\"container\">\n\t\t\t\t<div class=\"elementor-element elementor-element-1ef5d1f elementor-widget elementor-widget-counter\" data-id=\"1ef5d1f\" data-element_type=\"widget\" data-e-type=\"widget\" data-widget_type=\"counter.default\">\n\t\t\t\t<div class=\"elementor-widget-container\">\n\t\t\t\t\t\t\t<div class=\"elementor-counter\">\n\t\t\t<div class=\"elementor-counter-title\">countries<\/div>\t\t\t<div class=\"elementor-counter-number-wrapper\">\n\t\t\t\t<span class=\"elementor-counter-number-prefix\"><\/span>\n\t\t\t\t<span class=\"elementor-counter-number\" data-duration=\"2000\" data-to-value=\"43\" data-from-value=\"0\" data-delimiter=\",\">0<\/span>\n\t\t\t\t<span class=\"elementor-counter-number-suffix\"><\/span>\n\t\t\t<\/div>\n\t\t<\/div>\n\t\t\t\t\t\t<\/div>\n\t\t\t\t<\/div>\n\t\t\t\t<\/div>\n\t\t<div class=\"elementor-element elementor-element-d302d7a e-con-full e-flex e-con e-child\" data-id=\"d302d7a\" data-element_type=\"container\" data-e-type=\"container\">\n\t\t\t\t<div class=\"elementor-element elementor-element-346733f elementor-widget elementor-widget-counter\" data-id=\"346733f\" data-element_type=\"widget\" data-e-type=\"widget\" data-widget_type=\"counter.default\">\n\t\t\t\t<div class=\"elementor-widget-container\">\n\t\t\t\t\t\t\t<div class=\"elementor-counter\">\n\t\t\t<div class=\"elementor-counter-title\">clients<\/div>\t\t\t<div class=\"elementor-counter-number-wrapper\">\n\t\t\t\t<span class=\"elementor-counter-number-prefix\">+<\/span>\n\t\t\t\t<span class=\"elementor-counter-number\" data-duration=\"2500\" data-to-value=\"250\" data-from-value=\"0\" data-delimiter=\",\">0<\/span>\n\t\t\t\t<span class=\"elementor-counter-number-suffix\"><\/span>\n\t\t\t<\/div>\n\t\t<\/div>\n\t\t\t\t\t\t<\/div>\n\t\t\t\t<\/div>\n\t\t\t\t<\/div>\n\t\t\t\t\t<\/div>\n\t\t\t\t<\/div>\n\t\t<div class=\"elementor-element elementor-element-96abf94 e-flex e-con-boxed e-con e-parent\" data-id=\"96abf94\" data-element_type=\"container\" data-e-type=\"container\">\n\t\t\t\t\t<div class=\"e-con-inner\">\n\t\t\t\t<div class=\"elementor-element elementor-element-507e378 elementor-widget elementor-widget-text-editor\" data-id=\"507e378\" data-element_type=\"widget\" data-e-type=\"widget\" data-widget_type=\"text-editor.default\">\n\t\t\t\t<div class=\"elementor-widget-container\">\n\t\t\t\t\t\t\t\t\t<p><em>Please see our references below.<\/em><\/p>\t\t\t\t\t\t\t\t<\/div>\n\t\t\t\t<\/div>\n\t\t\t\t\t<\/div>\n\t\t\t\t<\/div>\n\t\t<div class=\"elementor-element elementor-element-5282f44 e-flex e-con-boxed e-con e-parent\" data-id=\"5282f44\" data-element_type=\"container\" data-e-type=\"container\">\n\t\t\t\t\t<div class=\"e-con-inner\">\n\t\t\t\t<div class=\"elementor-element elementor-element-06371ce elementor-invisible elementor-widget elementor-widget-wpzoom-elementor-addons-carousel\" data-id=\"06371ce\" data-element_type=\"widget\" data-e-type=\"widget\" data-settings=\"{&quot;animation_speed&quot;:2200,&quot;autoplay_speed&quot;:100,&quot;navigation&quot;:&quot;none&quot;,&quot;slides_to_show&quot;:&quot;6&quot;,&quot;_animation&quot;:&quot;fadeIn&quot;,&quot;autoplay&quot;:&quot;yes&quot;,&quot;loop&quot;:&quot;yes&quot;,&quot;slides_to_show_tablet&quot;:3,&quot;slides_to_show_mobile&quot;:2}\" data-widget_type=\"wpzoom-elementor-addons-carousel.default\">\n\t\t\t\t<div class=\"elementor-widget-container\">\n\t\t\t\t\t<div class=\"wpzjs-slick wpz-slick wpz-slick--carousel\">\n\n\t\t\t\n\t\t\t\t<div class=\"wpz-slick-slide\">\n\t\t\t\t\t<div class=\"wpz-slick-item\">\n\t\t\t\t\t\t\t\t\t\t\t\t\t<img decoding=\"async\" class=\"wpz-slick-img\" src=\"https:\/\/just2swing.com\/wp-content\/uploads\/2024\/07\/Casinos-Barriere.jpg\" alt=\"\">\n\t\t\t\t\t\t\n\t\t\t\t\t\t\t\t\t\t\t<\/div>\n\t\t\t\t<\/div>\n\n\t\t\t\n\t\t\t\t<div class=\"wpz-slick-slide\">\n\t\t\t\t\t<div class=\"wpz-slick-item\">\n\t\t\t\t\t\t\t\t\t\t\t\t\t<img decoding=\"async\" class=\"wpz-slick-img\" src=\"https:\/\/just2swing.com\/wp-content\/uploads\/2024\/07\/Crystal-Cruises.jpg\" alt=\"\">\n\t\t\t\t\t\t\n\t\t\t\t\t\t\t\t\t\t\t<\/div>\n\t\t\t\t<\/div>\n\n\t\t\t\n\t\t\t\t<div class=\"wpz-slick-slide\">\n\t\t\t\t\t<div class=\"wpz-slick-item\">\n\t\t\t\t\t\t\t\t\t\t\t\t\t<img decoding=\"async\" class=\"wpz-slick-img\" src=\"https:\/\/just2swing.com\/wp-content\/uploads\/2024\/07\/Festival-Arena-Dubai.jpg\" alt=\"\">\n\t\t\t\t\t\t\n\t\t\t\t\t\t\t\t\t\t\t<\/div>\n\t\t\t\t<\/div>\n\n\t\t\t\n\t\t\t\t<div class=\"wpz-slick-slide\">\n\t\t\t\t\t<div class=\"wpz-slick-item\">\n\t\t\t\t\t\t\t\t\t\t\t\t\t<img decoding=\"async\" class=\"wpz-slick-img\" src=\"https:\/\/just2swing.com\/wp-content\/uploads\/2024\/07\/Grimaldi-Forum-Monaco.jpg\" alt=\"\">\n\t\t\t\t\t\t\n\t\t\t\t\t\t\t\t\t\t\t<\/div>\n\t\t\t\t<\/div>\n\n\t\t\t\n\t\t\t\t<div class=\"wpz-slick-slide\">\n\t\t\t\t\t<div class=\"wpz-slick-item\">\n\t\t\t\t\t\t\t\t\t\t\t\t\t<img decoding=\"async\" class=\"wpz-slick-img\" src=\"https:\/\/just2swing.com\/wp-content\/uploads\/2024\/07\/Hi-Ibiza.jpg\" alt=\"\">\n\t\t\t\t\t\t\n\t\t\t\t\t\t\t\t\t\t\t<\/div>\n\t\t\t\t<\/div>\n\n\t\t\t\n\t\t\t\t<div class=\"wpz-slick-slide\">\n\t\t\t\t\t<div class=\"wpz-slick-item\">\n\t\t\t\t\t\t\t\t\t\t\t\t\t<img decoding=\"async\" class=\"wpz-slick-img\" src=\"https:\/\/just2swing.com\/wp-content\/uploads\/2024\/07\/Holland-America-Line.jpg\" alt=\"\">\n\t\t\t\t\t\t\n\t\t\t\t\t\t\t\t\t\t\t<\/div>\n\t\t\t\t<\/div>\n\n\t\t\t\n\t\t\t\t<div class=\"wpz-slick-slide\">\n\t\t\t\t\t<div class=\"wpz-slick-item\">\n\t\t\t\t\t\t\t\t\t\t\t\t\t<img decoding=\"async\" class=\"wpz-slick-img\" src=\"https:\/\/just2swing.com\/wp-content\/uploads\/2024\/07\/Kurhaus-Baden-Baden.jpg\" alt=\"\">\n\t\t\t\t\t\t\n\t\t\t\t\t\t\t\t\t\t\t<\/div>\n\t\t\t\t<\/div>\n\n\t\t\t\n\t\t\t\t<div class=\"wpz-slick-slide\">\n\t\t\t\t\t<div class=\"wpz-slick-item\">\n\t\t\t\t\t\t\t\t\t\t\t\t\t<img decoding=\"async\" class=\"wpz-slick-img\" src=\"https:\/\/just2swing.com\/wp-content\/uploads\/2024\/07\/Yacht-Club-de-Monaco.jpg\" alt=\"\">\n\t\t\t\t\t\t\n\t\t\t\t\t\t\t\t\t\t\t<\/div>\n\t\t\t\t<\/div>\n\n\t\t\t\n\t\t<\/div>\n\n\t\t\n\t\t\n\t\t\t\t\t\t<\/div>\n\t\t\t\t<\/div>\n\t\t\t\t\t<\/div>\n\t\t\t\t<\/div>\n\t\t\t\t<\/div>","protected":false},"excerpt":{"rendered":"<p>The Just2Swing Pop Show Nice Monaco Cannes Saint-Tropez C\u00f4te d&rsquo;Azur R\u00e9put\u00e9 dans le monde entier pour ses shows explosifs, The Just2Swing Pop Show vous offrira une exp\u00e9rience musicale sensationnelle et excitante. Depuis des ann\u00e9es, The Just2Swing Pop Show a su enflammer les salles et th\u00e9\u00e2tres du monde entier sur terre et sur mer avec des &hellip; <\/p>\n<p class=\"link-more\"><a href=\"https:\/\/just2swing.com\/en\/show-nice-monaco-cannes-saint-tropez-cote-dazur\/\" class=\"more-link\">Read more<span class=\"screen-reader-text\"> \u00ab\u00a0Show Nice Monaco Cannes Saint-Tropez C\u00f4te d&rsquo;Azur\u00a0\u00bb<\/span><\/a><\/p>","protected":false},"author":1,"featured_media":7657,"parent":0,"menu_order":0,"comment_status":"closed","ping_status":"closed","template":"","meta":{"footnotes":""},"class_list":["post-9102","page","type-page","status-publish","has-post-thumbnail","hentry"],"yoast_head":"<!-- This site is optimized with the Yoast SEO Premium plugin v26.9 (Yoast SEO v27.3) - https:\/\/yoast.com\/product\/yoast-seo-premium-wordpress\/ -->\n<title>Show Nice Monaco Cannes Saint-Tropez C\u00f4te d&#039;Azur | Just2Swing - Groupe de Jazz et Pop professionnel<\/title>\n<meta name=\"description\" content=\"R\u00e9put\u00e9 dans le monde entier pour ses shows explosifs, The Just2Swing Pop Show vous offrira une exp\u00e9rience musicale sensationnelle et excitante \u00e0 Nice ou sur la C\u00f4te d&#039;Azur.\" \/>\n<meta name=\"robots\" content=\"index, follow, max-snippet:-1, max-image-preview:large, max-video-preview:-1\" \/>\n<link rel=\"canonical\" href=\"https:\/\/just2swing.com\/en\/show-nice-monaco-cannes-saint-tropez-cote-dazur\/\" \/>\n<meta property=\"og:locale\" content=\"en_US\" \/>\n<meta property=\"og:type\" content=\"article\" \/>\n<meta property=\"og:title\" content=\"Show Nice Monaco Cannes Saint-Tropez C\u00f4te d&#039;Azur\" \/>\n<meta property=\"og:description\" content=\"R\u00e9put\u00e9 dans le monde entier pour ses shows explosifs, The Just2Swing Pop Show vous offrira une exp\u00e9rience musicale sensationnelle et excitante \u00e0 Nice ou sur la C\u00f4te d&#039;Azur.\" \/>\n<meta property=\"og:url\" content=\"https:\/\/just2swing.com\/en\/show-nice-monaco-cannes-saint-tropez-cote-dazur\/\" \/>\n<meta property=\"og:site_name\" content=\"Just2Swing - Groupe de Jazz et Pop professionnel\" \/>\n<meta property=\"article:modified_time\" content=\"2025-11-27T14:12:17+00:00\" \/>\n<meta property=\"og:image\" content=\"https:\/\/just2swing.com\/wp-content\/uploads\/2024\/10\/A-UTILISER-SHOW-2-copie-2.jpg\" \/>\n\t<meta property=\"og:image:width\" content=\"2500\" \/>\n\t<meta property=\"og:image:height\" content=\"903\" \/>\n\t<meta property=\"og:image:type\" content=\"image\/jpeg\" \/>\n<meta name=\"twitter:card\" content=\"summary_large_image\" \/>\n<meta name=\"twitter:label1\" content=\"Est. reading time\" \/>\n\t<meta name=\"twitter:data1\" content=\"5 minutes\" \/>\n<script type=\"application\/ld+json\" class=\"yoast-schema-graph\">{\"@context\":\"https:\\\/\\\/schema.org\",\"@graph\":[{\"@type\":\"WebPage\",\"@id\":\"https:\\\/\\\/just2swing.com\\\/show-nice-monaco-cannes-saint-tropez-cote-dazur\\\/\",\"url\":\"https:\\\/\\\/just2swing.com\\\/show-nice-monaco-cannes-saint-tropez-cote-dazur\\\/\",\"name\":\"Show Nice Monaco Cannes Saint-Tropez C\u00f4te d'Azur | Just2Swing - Groupe de Jazz et Pop professionnel\",\"isPartOf\":{\"@id\":\"https:\\\/\\\/just2swing.com\\\/#website\"},\"primaryImageOfPage\":{\"@id\":\"https:\\\/\\\/just2swing.com\\\/show-nice-monaco-cannes-saint-tropez-cote-dazur\\\/#primaryimage\"},\"image\":{\"@id\":\"https:\\\/\\\/just2swing.com\\\/show-nice-monaco-cannes-saint-tropez-cote-dazur\\\/#primaryimage\"},\"thumbnailUrl\":\"https:\\\/\\\/just2swing.com\\\/wp-content\\\/uploads\\\/2024\\\/10\\\/A-UTILISER-SHOW-2-copie-2.jpg\",\"datePublished\":\"2025-04-11T10:15:52+00:00\",\"dateModified\":\"2025-11-27T14:12:17+00:00\",\"description\":\"R\u00e9put\u00e9 dans le monde entier pour ses shows explosifs, The Just2Swing Pop Show vous offrira une exp\u00e9rience musicale sensationnelle et excitante \u00e0 Nice ou sur la C\u00f4te d'Azur.\",\"breadcrumb\":{\"@id\":\"https:\\\/\\\/just2swing.com\\\/show-nice-monaco-cannes-saint-tropez-cote-dazur\\\/#breadcrumb\"},\"inLanguage\":\"en-US\",\"potentialAction\":[{\"@type\":\"ReadAction\",\"target\":[\"https:\\\/\\\/just2swing.com\\\/show-nice-monaco-cannes-saint-tropez-cote-dazur\\\/\"]}]},{\"@type\":\"ImageObject\",\"inLanguage\":\"en-US\",\"@id\":\"https:\\\/\\\/just2swing.com\\\/show-nice-monaco-cannes-saint-tropez-cote-dazur\\\/#primaryimage\",\"url\":\"https:\\\/\\\/just2swing.com\\\/wp-content\\\/uploads\\\/2024\\\/10\\\/A-UTILISER-SHOW-2-copie-2.jpg\",\"contentUrl\":\"https:\\\/\\\/just2swing.com\\\/wp-content\\\/uploads\\\/2024\\\/10\\\/A-UTILISER-SHOW-2-copie-2.jpg\",\"width\":2500,\"height\":903},{\"@type\":\"BreadcrumbList\",\"@id\":\"https:\\\/\\\/just2swing.com\\\/show-nice-monaco-cannes-saint-tropez-cote-dazur\\\/#breadcrumb\",\"itemListElement\":[{\"@type\":\"ListItem\",\"position\":1,\"name\":\"Home\",\"item\":\"https:\\\/\\\/just2swing.com\\\/\"},{\"@type\":\"ListItem\",\"position\":2,\"name\":\"Show Nice Monaco Cannes Saint-Tropez C\u00f4te d&rsquo;Azur\"}]},{\"@type\":\"WebSite\",\"@id\":\"https:\\\/\\\/just2swing.com\\\/#website\",\"url\":\"https:\\\/\\\/just2swing.com\\\/\",\"name\":\"Just2Swing\",\"description\":\"Orchestre de Jazz et Pop de prestige pour mariages, cocktails, \u00e9v\u00e9nements d\u2019entreprises, vins d\u2019honneur, soir\u00e9es dansantes, anniversaires,   croisi\u00e8res, r\u00e9ceptions, galas, congr\u00e8s, s\u00e9minaires, salons, d\u00eeners-concerts, inaugurations, c\u00e9r\u00e9monies, \u00e9v\u00e9nements religieux, bapt\u00eames, communions, Bar Mitzvah, f\u00eates, shows priv\u00e9s, soir\u00e9es VIP, concerts priv\u00e9s\u2026\",\"publisher\":{\"@id\":\"https:\\\/\\\/just2swing.com\\\/#organization\"},\"potentialAction\":[{\"@type\":\"SearchAction\",\"target\":{\"@type\":\"EntryPoint\",\"urlTemplate\":\"https:\\\/\\\/just2swing.com\\\/?s={search_term_string}\"},\"query-input\":{\"@type\":\"PropertyValueSpecification\",\"valueRequired\":true,\"valueName\":\"search_term_string\"}}],\"inLanguage\":\"en-US\"},{\"@type\":\"Organization\",\"@id\":\"https:\\\/\\\/just2swing.com\\\/#organization\",\"name\":\"Just2Swing - Groupe de Jazz et Pop professionnel\",\"url\":\"https:\\\/\\\/just2swing.com\\\/\",\"logo\":{\"@type\":\"ImageObject\",\"inLanguage\":\"en-US\",\"@id\":\"https:\\\/\\\/just2swing.com\\\/#\\\/schema\\\/logo\\\/image\\\/\",\"url\":\"https:\\\/\\\/just2swing.com\\\/wp-content\\\/uploads\\\/2024\\\/10\\\/logo-FOND-BLANC-copie4.png\",\"contentUrl\":\"https:\\\/\\\/just2swing.com\\\/wp-content\\\/uploads\\\/2024\\\/10\\\/logo-FOND-BLANC-copie4.png\",\"width\":383,\"height\":381,\"caption\":\"Just2Swing - Groupe de Jazz et Pop professionnel\"},\"image\":{\"@id\":\"https:\\\/\\\/just2swing.com\\\/#\\\/schema\\\/logo\\\/image\\\/\"},\"sameAs\":[\"https:\\\/\\\/www.instagram.com\\\/just2swing\",\"https:\\\/\\\/www.youtube.com\\\/@Just2Swing\"]}]}<\/script>\n<!-- \/ Yoast SEO Premium plugin. -->","yoast_head_json":{"title":"Show Nice Monaco Cannes Saint-Tropez C\u00f4te d'Azur | Just2Swing - Groupe de Jazz et Pop professionnel","description":"R\u00e9put\u00e9 dans le monde entier pour ses shows explosifs, The Just2Swing Pop Show vous offrira une exp\u00e9rience musicale sensationnelle et excitante \u00e0 Nice ou sur la C\u00f4te d'Azur.","robots":{"index":"index","follow":"follow","max-snippet":"max-snippet:-1","max-image-preview":"max-image-preview:large","max-video-preview":"max-video-preview:-1"},"canonical":"https:\/\/just2swing.com\/en\/show-nice-monaco-cannes-saint-tropez-cote-dazur\/","og_locale":"en_US","og_type":"article","og_title":"Show Nice Monaco Cannes Saint-Tropez C\u00f4te d'Azur","og_description":"R\u00e9put\u00e9 dans le monde entier pour ses shows explosifs, The Just2Swing Pop Show vous offrira une exp\u00e9rience musicale sensationnelle et excitante \u00e0 Nice ou sur la C\u00f4te d'Azur.","og_url":"https:\/\/just2swing.com\/en\/show-nice-monaco-cannes-saint-tropez-cote-dazur\/","og_site_name":"Just2Swing - Groupe de Jazz et Pop professionnel","article_modified_time":"2025-11-27T14:12:17+00:00","og_image":[{"width":2500,"height":903,"url":"https:\/\/just2swing.com\/wp-content\/uploads\/2024\/10\/A-UTILISER-SHOW-2-copie-2.jpg","type":"image\/jpeg"}],"twitter_card":"summary_large_image","twitter_misc":{"Est. reading time":"5 minutes"},"schema":{"@context":"https:\/\/schema.org","@graph":[{"@type":"WebPage","@id":"https:\/\/just2swing.com\/show-nice-monaco-cannes-saint-tropez-cote-dazur\/","url":"https:\/\/just2swing.com\/show-nice-monaco-cannes-saint-tropez-cote-dazur\/","name":"Show Nice Monaco Cannes Saint-Tropez C\u00f4te d'Azur | Just2Swing - Groupe de Jazz et Pop professionnel","isPartOf":{"@id":"https:\/\/just2swing.com\/#website"},"primaryImageOfPage":{"@id":"https:\/\/just2swing.com\/show-nice-monaco-cannes-saint-tropez-cote-dazur\/#primaryimage"},"image":{"@id":"https:\/\/just2swing.com\/show-nice-monaco-cannes-saint-tropez-cote-dazur\/#primaryimage"},"thumbnailUrl":"https:\/\/just2swing.com\/wp-content\/uploads\/2024\/10\/A-UTILISER-SHOW-2-copie-2.jpg","datePublished":"2025-04-11T10:15:52+00:00","dateModified":"2025-11-27T14:12:17+00:00","description":"R\u00e9put\u00e9 dans le monde entier pour ses shows explosifs, The Just2Swing Pop Show vous offrira une exp\u00e9rience musicale sensationnelle et excitante \u00e0 Nice ou sur la C\u00f4te d'Azur.","breadcrumb":{"@id":"https:\/\/just2swing.com\/show-nice-monaco-cannes-saint-tropez-cote-dazur\/#breadcrumb"},"inLanguage":"en-US","potentialAction":[{"@type":"ReadAction","target":["https:\/\/just2swing.com\/show-nice-monaco-cannes-saint-tropez-cote-dazur\/"]}]},{"@type":"ImageObject","inLanguage":"en-US","@id":"https:\/\/just2swing.com\/show-nice-monaco-cannes-saint-tropez-cote-dazur\/#primaryimage","url":"https:\/\/just2swing.com\/wp-content\/uploads\/2024\/10\/A-UTILISER-SHOW-2-copie-2.jpg","contentUrl":"https:\/\/just2swing.com\/wp-content\/uploads\/2024\/10\/A-UTILISER-SHOW-2-copie-2.jpg","width":2500,"height":903},{"@type":"BreadcrumbList","@id":"https:\/\/just2swing.com\/show-nice-monaco-cannes-saint-tropez-cote-dazur\/#breadcrumb","itemListElement":[{"@type":"ListItem","position":1,"name":"Home","item":"https:\/\/just2swing.com\/"},{"@type":"ListItem","position":2,"name":"Show Nice Monaco Cannes Saint-Tropez C\u00f4te d&rsquo;Azur"}]},{"@type":"WebSite","@id":"https:\/\/just2swing.com\/#website","url":"https:\/\/just2swing.com\/","name":"Just2Swing","description":"Orchestre de Jazz et Pop de prestige pour mariages, cocktails, \u00e9v\u00e9nements d\u2019entreprises, vins d\u2019honneur, soir\u00e9es dansantes, anniversaires,   croisi\u00e8res, r\u00e9ceptions, galas, congr\u00e8s, s\u00e9minaires, salons, d\u00eeners-concerts, inaugurations, c\u00e9r\u00e9monies, \u00e9v\u00e9nements religieux, bapt\u00eames, communions, Bar Mitzvah, f\u00eates, shows priv\u00e9s, soir\u00e9es VIP, concerts priv\u00e9s\u2026","publisher":{"@id":"https:\/\/just2swing.com\/#organization"},"potentialAction":[{"@type":"SearchAction","target":{"@type":"EntryPoint","urlTemplate":"https:\/\/just2swing.com\/?s={search_term_string}"},"query-input":{"@type":"PropertyValueSpecification","valueRequired":true,"valueName":"search_term_string"}}],"inLanguage":"en-US"},{"@type":"Organization","@id":"https:\/\/just2swing.com\/#organization","name":"Just2Swing - Groupe de Jazz et Pop professionnel","url":"https:\/\/just2swing.com\/","logo":{"@type":"ImageObject","inLanguage":"en-US","@id":"https:\/\/just2swing.com\/#\/schema\/logo\/image\/","url":"https:\/\/just2swing.com\/wp-content\/uploads\/2024\/10\/logo-FOND-BLANC-copie4.png","contentUrl":"https:\/\/just2swing.com\/wp-content\/uploads\/2024\/10\/logo-FOND-BLANC-copie4.png","width":383,"height":381,"caption":"Just2Swing - Groupe de Jazz et Pop professionnel"},"image":{"@id":"https:\/\/just2swing.com\/#\/schema\/logo\/image\/"},"sameAs":["https:\/\/www.instagram.com\/just2swing","https:\/\/www.youtube.com\/@Just2Swing"]}]}},"featured_media_urls":{"thumbnail":["https:\/\/just2swing.com\/wp-content\/uploads\/2024\/10\/A-UTILISER-SHOW-2-copie-2-150x150.jpg",150,150,true],"medium":["https:\/\/just2swing.com\/wp-content\/uploads\/2024\/10\/A-UTILISER-SHOW-2-copie-2-300x108.jpg",300,108,true],"medium_large":["https:\/\/just2swing.com\/wp-content\/uploads\/2024\/10\/A-UTILISER-SHOW-2-copie-2.jpg",768,277,false],"large":["https:\/\/just2swing.com\/wp-content\/uploads\/2024\/10\/A-UTILISER-SHOW-2-copie-2-1024x370.jpg",950,343,true],"1536x1536":["https:\/\/just2swing.com\/wp-content\/uploads\/2024\/10\/A-UTILISER-SHOW-2-copie-2-1536x555.jpg",1536,555,true],"2048x2048":["https:\/\/just2swing.com\/wp-content\/uploads\/2024\/10\/A-UTILISER-SHOW-2-copie-2-2048x740.jpg",2048,740,true],"trp-custom-language-flag":["https:\/\/just2swing.com\/wp-content\/uploads\/2024\/10\/A-UTILISER-SHOW-2-copie-2-18x7.jpg",18,7,true],"inspiro-featured-image":["https:\/\/just2swing.com\/wp-content\/uploads\/2024\/10\/A-UTILISER-SHOW-2-copie-2-2000x722.jpg",2000,722,true],"inspiro-loop":["https:\/\/just2swing.com\/wp-content\/uploads\/2024\/10\/A-UTILISER-SHOW-2-copie-2-950x320.jpg",950,320,true],"inspiro-loop@2x":["https:\/\/just2swing.com\/wp-content\/uploads\/2024\/10\/A-UTILISER-SHOW-2-copie-2-1900x640.jpg",1900,640,true],"portfolio_item-thumbnail":["https:\/\/just2swing.com\/wp-content\/uploads\/2024\/10\/A-UTILISER-SHOW-2-copie-2-600x400.jpg",600,400,true],"portfolio_item-thumbnail@2x":["https:\/\/just2swing.com\/wp-content\/uploads\/2024\/10\/A-UTILISER-SHOW-2-copie-2-1200x800.jpg",1200,800,true],"portfolio_item-masonry":["https:\/\/just2swing.com\/wp-content\/uploads\/2024\/10\/A-UTILISER-SHOW-2-copie-2-600x217.jpg",600,217,true],"portfolio_item-masonry@2x":["https:\/\/just2swing.com\/wp-content\/uploads\/2024\/10\/A-UTILISER-SHOW-2-copie-2-1200x433.jpg",1200,433,true],"portfolio_item-thumbnail_cinema":["https:\/\/just2swing.com\/wp-content\/uploads\/2024\/10\/A-UTILISER-SHOW-2-copie-2-800x335.jpg",800,335,true],"portfolio_item-thumbnail_portrait":["https:\/\/just2swing.com\/wp-content\/uploads\/2024\/10\/A-UTILISER-SHOW-2-copie-2-600x900.jpg",600,900,true],"portfolio_item-thumbnail_portrait@2x":["https:\/\/just2swing.com\/wp-content\/uploads\/2024\/10\/A-UTILISER-SHOW-2-copie-2-1200x903.jpg",1200,903,true],"portfolio_item-thumbnail_square":["https:\/\/just2swing.com\/wp-content\/uploads\/2024\/10\/A-UTILISER-SHOW-2-copie-2-800x800.jpg",800,800,true]},"_links":{"self":[{"href":"https:\/\/just2swing.com\/en\/wp-json\/wp\/v2\/pages\/9102","targetHints":{"allow":["GET"]}}],"collection":[{"href":"https:\/\/just2swing.com\/en\/wp-json\/wp\/v2\/pages"}],"about":[{"href":"https:\/\/just2swing.com\/en\/wp-json\/wp\/v2\/types\/page"}],"author":[{"embeddable":true,"href":"https:\/\/just2swing.com\/en\/wp-json\/wp\/v2\/users\/1"}],"replies":[{"embeddable":true,"href":"https:\/\/just2swing.com\/en\/wp-json\/wp\/v2\/comments?post=9102"}],"version-history":[{"count":0,"href":"https:\/\/just2swing.com\/en\/wp-json\/wp\/v2\/pages\/9102\/revisions"}],"wp:featuredmedia":[{"embeddable":true,"href":"https:\/\/just2swing.com\/en\/wp-json\/wp\/v2\/media\/7657"}],"wp:attachment":[{"href":"https:\/\/just2swing.com\/en\/wp-json\/wp\/v2\/media?parent=9102"}],"curies":[{"name":"wp","href":"https:\/\/api.w.org\/{rel}","templated":true}]}}